{"id":862,"date":"2023-07-01T11:08:33","date_gmt":"2023-07-01T09:08:33","guid":{"rendered":"http:\/\/santaclaus-cup.cz\/?page_id=862"},"modified":"2025-10-11T10:00:58","modified_gmt":"2025-10-11T08:00:58","slug":"preliminarly-entry","status":"publish","type":"page","link":"https:\/\/santaclaus-cup.cz\/index.php\/preliminarly-entry\/","title":{"rendered":"Preliminary Entry"},"content":{"rendered":"\n<ul><li><strong>Senior ISU<\/strong><\/li><\/ul>\n\n\n\n<p>Ice on Fire (ITA)<\/p>\n\n\n\n<p>Lumineers (FIN)<\/p>\n\n\n\n<p>Marigold Ice Unity (FIN)<\/p>\n\n\n\n<p>Olympia (CZE)<\/p>\n\n\n\n<p>Team Passion (HUN)<\/p>\n\n\n\n<p>Team Unique (FIN)<\/p>\n\n\n\n<p>USA 1<\/p>\n\n\n\n<ul><li><strong>Senior Elite 12 ISU<\/strong><\/li><\/ul>\n\n\n\n<ul><li><strong>Junior ISU<\/strong><\/li><\/ul>\n\n\n\n<p>Cool Dreams Junior (SUI)<\/p>\n\n\n\n<p>Harmonia (CZE)<\/p>\n\n\n\n<p>Kometa (CZE)<\/p>\n\n\n\n<p>Le Soleil (POL)<\/p>\n\n\n\n<p>Musketeers (FIN)<\/p>\n\n\n\n<p>Reflection (FIN)<\/p>\n\n\n\n<p>Team Diamods (EST)<\/p>\n\n\n\n<p>Team Mystique (FIN)<\/p>\n\n\n\n<p>Team Passion (HUN)<\/p>\n\n\n\n<p>USA 1<\/p>\n\n\n\n<p>USA 2<\/p>\n\n\n\n<p>USA 3<\/p>\n\n\n\n<p>Team Elite Junior (TUR)<\/p>\n\n\n\n<ul><li><strong>Advanced Novice<\/strong> <strong>ISU<\/strong><\/li><\/ul>\n\n\n\n<p>Team Diamods (EST)<\/p>\n\n\n\n<ul><li><strong>Basic Novice<\/strong><\/li><\/ul>\n\n\n\n<p>Aurora (CZE)<\/p>\n\n\n\n<p>Kometa (CZE)<\/p>\n\n\n\n<p>Little Stars (CZE)<\/p>\n\n\n\n<p>Melodia (CZE)<\/p>\n\n\n\n<p>Orion (CZE)<\/p>\n\n\n\n<p>Prima (CZE)<\/p>\n\n\n\n<p>Shining Blades (ITA)<\/p>\n\n\n\n<p>Team Magic (HUN)<\/p>\n\n\n\n<p>Team Passion (HUN)<\/p>\n\n\n\n<ul><li><strong>Juvenile<\/strong><\/li><\/ul>\n\n\n\n<p>Bublinky (CZE)<\/p>\n\n\n\n<p>Kometa (CZE)<\/p>\n\n\n\n<p>Le Soleil (POL)<\/p>\n\n\n\n<p>Little Stars (CZE)<\/p>\n\n\n\n<p>Slune\u010dnice (CZE)<\/p>\n\n\n\n<p>Team Frostwork Tiny DVTK (HUN)<\/p>\n\n\n\n<p>Team Magic (HUN)<\/p>\n\n\n\n<p>Team Passion (HUN)<\/p>\n\n\n\n<p>Uno (CZE)<\/p>\n\n\n\n<ul><li><strong>Pre-Juvenile<\/strong><\/li><\/ul>\n\n\n\n<p>Le Soleil (POL)<\/p>\n\n\n\n<p>Minnies (CZE)<\/p>\n\n\n\n<p>Roxy (CZE)<\/p>\n\n\n\n<p>Zempleni Angyalok (HUN)<\/p>\n\n\n\n<ul><li><strong>Mixed Age<\/strong><\/li><\/ul>\n\n\n\n<div class=\"wp-block-group\"><div class=\"wp-block-group__inner-container\">\n<p>Black Angels (CZE)<\/p>\n\n\n\n<p>Euphoria (CZE)<\/p>\n\n\n\n<p>Ice Dreams (CZE)<\/p>\n\n\n\n<p>Ice Wariors (CZE)<\/p>\n\n\n\n<p>Gemini (CZE)<\/p>\n\n\n\n<p>Kometa (CZE)<\/p>\n\n\n\n<p>Shihihg Blades (ITA)<\/p>\n\n\n\n<p>Team Frostwork DVTK (HUN)<\/p>\n\n\n\n<p>Team Magic (HUN)<\/p>\n\n\n\n<p>The Crystals (CZE)<\/p>\n<\/div><\/div>\n\n\n\n<ul><li><strong>Adult<\/strong><\/li><\/ul>\n\n\n\n<p>All Stars (CZE)<\/p>\n\n\n\n<p>Alegr\u00eda (CZE)<\/p>\n\n\n\n<p>Angels Gang (CZE)<\/p>\n\n\n\n<p>Avalanche (CZE)<\/p>\n\n\n\n<p>Crazy Ladies (CZE)<\/p>\n\n\n\n<p>Ice Chicas (CZE)<\/p>\n\n\n\n<p>Lumi (AUT) <\/p>\n\n\n\n<ul><li><strong>Masters<\/strong><\/li><\/ul>\n\n\n\n<p><\/p>\n\n\n\n<p><\/p>\n","protected":false},"excerpt":{"rendered":"<p>Senior ISU Ice on Fire (ITA) Lumineers (FIN) Marigold Ice Unity (FIN) Olympia (CZE) Team Passion (HUN) Team Unique (FIN) USA 1 Senior Elite 12 ISU Junior ISU Cool Dreams Junior (SUI) Harmonia (CZE) Kometa (CZE) Le Soleil (POL) Musketeers (FIN) Reflection (FIN) Team Diamods (EST) Team Mystique (FIN) Team Passion (HUN) USA 1 USA &hellip; <a href=\"https:\/\/santaclaus-cup.cz\/index.php\/preliminarly-entry\/\" class=\"more-link\">Pokra\u010dov\u00e1n\u00ed textu <span class=\"screen-reader-text\">Preliminary Entry<\/span><\/a><\/p>\n","protected":false},"author":1,"featured_media":0,"parent":0,"menu_order":0,"comment_status":"closed","ping_status":"closed","template":"","meta":[],"_links":{"self":[{"href":"https:\/\/santaclaus-cup.cz\/index.php\/wp-json\/wp\/v2\/pages\/862"}],"collection":[{"href":"https:\/\/santaclaus-cup.cz\/index.php\/wp-json\/wp\/v2\/pages"}],"about":[{"href":"https:\/\/santaclaus-cup.cz\/index.php\/wp-json\/wp\/v2\/types\/page"}],"author":[{"embeddable":true,"href":"https:\/\/santaclaus-cup.cz\/index.php\/wp-json\/wp\/v2\/users\/1"}],"replies":[{"embeddable":true,"href":"https:\/\/santaclaus-cup.cz\/index.php\/wp-json\/wp\/v2\/comments?post=862"}],"version-history":[{"count":62,"href":"https:\/\/santaclaus-cup.cz\/index.php\/wp-json\/wp\/v2\/pages\/862\/revisions"}],"predecessor-version":[{"id":1397,"href":"https:\/\/santaclaus-cup.cz\/index.php\/wp-json\/wp\/v2\/pages\/862\/revisions\/1397"}],"wp:attachment":[{"href":"https:\/\/santaclaus-cup.cz\/index.php\/wp-json\/wp\/v2\/media?parent=862"}],"curies":[{"name":"wp","href":"https:\/\/api.w.org\/{rel}","templated":true}]}}