{"id":510,"date":"2021-10-18T22:34:35","date_gmt":"2021-10-18T20:34:35","guid":{"rendered":"http:\/\/santaclaus-cup.cz\/?page_id=510"},"modified":"2025-05-12T01:01:16","modified_gmt":"2025-05-11T23:01:16","slug":"tickets","status":"publish","type":"page","link":"https:\/\/santaclaus-cup.cz\/index.php\/tickets\/","title":{"rendered":"Tickets"},"content":{"rendered":"\n<p>Mil\u00ed fanou\u0161ci synchronizovan\u00e9ho krasobruslen\u00ed,<\/p>\n\n\n\n<p>m\u00e1me pro v\u00e1s skv\u011blou zpr\u00e1vu! Vstupn\u00e9 na Santa Claus Cup bude letos dobrovoln\u00e9. Tento kouzeln\u00fd v\u00e1no\u010dn\u00ed z\u00e1vod je benefi\u010dn\u00ed akc\u00ed na podporu Paracentra Fenix. Chcete-li se dozv\u011bd\u011bt v\u00edce o tomto \u00fa\u017easn\u00e9m centru, klikn\u011bte <a href=\"https:\/\/pcfenix.cz\/\">zde<\/a>.<\/p>\n\n\n\n<p>A\u0165 u\u017e plat\u00edte v eurech nebo korun\u00e1ch, va\u0161e p\u0159\u00edsp\u011bvky budou v\u00edt\u00e1ny. Nemus\u00edte se b\u00e1t, \u017ee byste nena\u0161li m\u00edsto \u2013 na\u0161e hledi\u0161t\u011b pojme a\u017e 7000 div\u00e1k\u016f!<\/p>\n\n\n\n<p>P\u0159ij\u010fte si u\u017e\u00edt nezapomenuteln\u00fd den pln\u00fd skv\u011bl\u00e9ho bruslen\u00ed a v\u00e1no\u010dn\u00ed atmosf\u00e9ry. T\u011b\u0161\u00edme se na v\u00e1s!<\/p>\n\n\n\n<p>S pozdravem, <\/p>\n\n\n\n<p>Organiza\u010dn\u00ed t\u00fdm Santa Claus Cupu<\/p>\n\n\n\n<p><\/p>\n\n\n\n<p>English:<\/p>\n\n\n\n<p>Dear fans of synchronized skating,<\/p>\n\n\n\n<p>We have fantastic news for you! Admission to the Santa Claus Cup will be voluntary this year. This magical Christmas event is a charity competition in support of Paracentrum Fenix. To learn more about this wonderful center, click <a href=\"https:\/\/pcfenix.cz\/\" target=\"_blank\" rel=\"noreferrer noopener\">here<\/a>.<\/p>\n\n\n\n<p>Whether you pay in euros or crowns, your contributions will be greatly appreciated. Don\u2019t worry about finding a seat \u2013 our venue can accommodate up to 7,000 spectators!<\/p>\n\n\n\n<p>Come and enjoy an unforgettable day filled with amazing skating and festive cheer. We look forward to seeing you!<\/p>\n\n\n\n<p>Best regards, The Santa Claus Cup Organizing Team<\/p>\n\n\n\n<p><\/p>\n","protected":false},"excerpt":{"rendered":"<p>Mil\u00ed fanou\u0161ci synchronizovan\u00e9ho krasobruslen\u00ed, m\u00e1me pro v\u00e1s skv\u011blou zpr\u00e1vu! Vstupn\u00e9 na Santa Claus Cup bude letos dobrovoln\u00e9. Tento kouzeln\u00fd v\u00e1no\u010dn\u00ed z\u00e1vod je benefi\u010dn\u00ed akc\u00ed na podporu Paracentra Fenix. Chcete-li se dozv\u011bd\u011bt v\u00edce o tomto \u00fa\u017easn\u00e9m centru, klikn\u011bte zde. A\u0165 u\u017e plat\u00edte v eurech nebo korun\u00e1ch, va\u0161e p\u0159\u00edsp\u011bvky budou v\u00edt\u00e1ny. Nemus\u00edte se b\u00e1t, \u017ee byste nena\u0161li &hellip; <a href=\"https:\/\/santaclaus-cup.cz\/index.php\/tickets\/\" class=\"more-link\">Pokra\u010dov\u00e1n\u00ed textu <span class=\"screen-reader-text\">Tickets<\/span><\/a><\/p>\n","protected":false},"author":1,"featured_media":0,"parent":0,"menu_order":0,"comment_status":"closed","ping_status":"closed","template":"","meta":[],"_links":{"self":[{"href":"https:\/\/santaclaus-cup.cz\/index.php\/wp-json\/wp\/v2\/pages\/510"}],"collection":[{"href":"https:\/\/santaclaus-cup.cz\/index.php\/wp-json\/wp\/v2\/pages"}],"about":[{"href":"https:\/\/santaclaus-cup.cz\/index.php\/wp-json\/wp\/v2\/types\/page"}],"author":[{"embeddable":true,"href":"https:\/\/santaclaus-cup.cz\/index.php\/wp-json\/wp\/v2\/users\/1"}],"replies":[{"embeddable":true,"href":"https:\/\/santaclaus-cup.cz\/index.php\/wp-json\/wp\/v2\/comments?post=510"}],"version-history":[{"count":6,"href":"https:\/\/santaclaus-cup.cz\/index.php\/wp-json\/wp\/v2\/pages\/510\/revisions"}],"predecessor-version":[{"id":1287,"href":"https:\/\/santaclaus-cup.cz\/index.php\/wp-json\/wp\/v2\/pages\/510\/revisions\/1287"}],"wp:attachment":[{"href":"https:\/\/santaclaus-cup.cz\/index.php\/wp-json\/wp\/v2\/media?parent=510"}],"curies":[{"name":"wp","href":"https:\/\/api.w.org\/{rel}","templated":true}]}}