{"id":297,"date":"2021-08-01T23:33:22","date_gmt":"2021-08-01T21:33:22","guid":{"rendered":"http:\/\/santaclaus-cup.cz\/?page_id=297"},"modified":"2025-05-22T04:19:59","modified_gmt":"2025-05-22T02:19:59","slug":"accommodation","status":"publish","type":"page","link":"https:\/\/santaclaus-cup.cz\/index.php\/accommodation\/","title":{"rendered":"Accommodation"},"content":{"rendered":"\n<h2><strong>List of hotels:<\/strong><\/h2>\n\n\n\n<p><strong>Official hotel<\/strong> &#8211; <strong><em>Orea Congres Hotel Brno<\/em><\/strong> <em>(special prizes for the competitors)<\/em><\/p>\n\n\n\n<div class=\"wp-block-file\"><a href=\"https:\/\/santaclaus-cup.cz\/wp-content\/uploads\/2025\/05\/OREA-Congress-Hotel-Brno_Rate-offer_12_2025.pdf\"><span style=\"color:#df3a50\" class=\"has-inline-color\">OREA-Congress-Hotel-Brno_Rate-offer_12_2025<\/span><\/a><a href=\"https:\/\/santaclaus-cup.cz\/wp-content\/uploads\/2025\/05\/OREA-Congress-Hotel-Brno_Rate-offer_12_2025.pdf\" class=\"wp-block-file__button\" download>Download<\/a><\/div>\n\n\n\n<p><strong>RECOMENDED HOTELS<\/strong><\/p>\n\n\n\n<p><strong><em>Quality Hotel Exhibition Centre<\/em><\/strong>   <em>(special prizes for the competitors)<\/em><\/p>\n\n\n\n<div class=\"wp-block-file\"><a href=\"https:\/\/santaclaus-cup.cz\/wp-content\/uploads\/2025\/05\/Quality-Hotel-Brno-Exhibition-Centre.pdf\"><span class=\"has-inline-color has-medium-pink-color\">Quality-Hotel-Brno-Exhibition-Centre<\/span><\/a><a href=\"https:\/\/santaclaus-cup.cz\/wp-content\/uploads\/2025\/05\/Quality-Hotel-Brno-Exhibition-Centre.pdf\" class=\"wp-block-file__button\" download>download<\/a><\/div>\n\n\n\n<p><\/p>\n\n\n\n<p><em><strong>Hotel Pyramida<\/strong><\/em> <a href=\"https:\/\/www.pyramidahotel.cz?utm_source=mapy.cz&amp;utm_medium=ppd&amp;utm_content=hledani&amp;utm_term=brno&amp;utm_campaign=firmy.cz-12842593\" target=\"_blank\" rel=\"noreferrer noopener\">www.pyramidahotel.cz<\/a><\/p>\n\n\n\n<p><strong><em>A \u2013 Austerlitz Hotel<\/em><\/strong>\u00a0\u00a0  <a href=\"http:\/\/www.austerlitzhotel.cz\" target=\"_blank\" rel=\"noreferrer noopener\">www.austerlitzhotel.cz<\/a><\/p>\n\n\n\n<p><strong><em>Hotel Sharingham<\/em><\/strong>   <a href=\"https:\/\/www.sharingham.cz\/\" title=\"https:\/\/www.sharingham.cz\/\">www.sharingham.cz<\/a><\/p>\n\n\n\n<p><strong><em>Hotel International Brno<\/em><\/strong>&nbsp; <a href=\"https:\/\/www.hotelinternational.cz?utm_source=mapy.cz&amp;utm_medium=ppd&amp;utm_content=hledani&amp;utm_term=brno&amp;utm_campaign=firmy.cz-327194\" target=\"_blank\" rel=\"noreferrer noopener\">www.hotelinternational.cz<\/a><\/p>\n\n\n\n<p><strong><em>Hotel Continental Brno<\/em>&nbsp;<\/strong>   <a href=\"https:\/\/www.continentalbrno.cz\/?utm_source=mapy.cz&amp;utm_medium=ppd&amp;utm_content=hledani&amp;utm_term=brno&amp;utm_campaign=firmy.cz-327864\" target=\"_blank\" rel=\"noreferrer noopener\">www.continentalbrno.cz<\/a><\/p>\n\n\n\n<p><em><strong>OREA Resort Santon Brno<\/strong><\/em>&nbsp;   <a href=\"https:\/\/www.orea.cz\/resort-santon\" target=\"_blank\" rel=\"noreferrer noopener\">www.orea.cz\/resort-santon<\/a><\/p>\n\n\n\n<p><strong><em>Courtyard by Marriott Brno<\/em><\/strong>   <a href=\"https:\/\/www.courtyardbrno.cz?utm_source=mapy.cz&amp;utm_medium=ppd&amp;utm_content=hledani&amp;utm_term=brno&amp;utm_campaign=firmy.cz-13029738\" target=\"_blank\" rel=\"noreferrer noopener\">www.courtyardbrno.cz<\/a>\u00a0 &#8211; accommodation available only from December 13, 2025<\/p>\n\n\n\n<p><em><span style=\"color:#4738e5\" class=\"has-inline-color\">Please,  if you need any help with accommodation, contact the competiton organizing commettee<\/span><\/em><\/p>\n","protected":false},"excerpt":{"rendered":"<p>List of hotels: Official hotel &#8211; Orea Congres Hotel Brno (special prizes for the competitors) RECOMENDED HOTELS Quality Hotel Exhibition Centre (special prizes for the competitors) Hotel Pyramida www.pyramidahotel.cz A \u2013 Austerlitz Hotel\u00a0\u00a0 www.austerlitzhotel.cz Hotel Sharingham www.sharingham.cz Hotel International Brno&nbsp; www.hotelinternational.cz Hotel Continental Brno&nbsp; www.continentalbrno.cz OREA Resort Santon Brno&nbsp; www.orea.cz\/resort-santon Courtyard by Marriott Brno www.courtyardbrno.cz\u00a0 &hellip; <a href=\"https:\/\/santaclaus-cup.cz\/index.php\/accommodation\/\" class=\"more-link\">Pokra\u010dov\u00e1n\u00ed textu <span class=\"screen-reader-text\">Accommodation<\/span><\/a><\/p>\n","protected":false},"author":1,"featured_media":0,"parent":0,"menu_order":0,"comment_status":"closed","ping_status":"closed","template":"","meta":[],"_links":{"self":[{"href":"https:\/\/santaclaus-cup.cz\/index.php\/wp-json\/wp\/v2\/pages\/297"}],"collection":[{"href":"https:\/\/santaclaus-cup.cz\/index.php\/wp-json\/wp\/v2\/pages"}],"about":[{"href":"https:\/\/santaclaus-cup.cz\/index.php\/wp-json\/wp\/v2\/types\/page"}],"author":[{"embeddable":true,"href":"https:\/\/santaclaus-cup.cz\/index.php\/wp-json\/wp\/v2\/users\/1"}],"replies":[{"embeddable":true,"href":"https:\/\/santaclaus-cup.cz\/index.php\/wp-json\/wp\/v2\/comments?post=297"}],"version-history":[{"count":41,"href":"https:\/\/santaclaus-cup.cz\/index.php\/wp-json\/wp\/v2\/pages\/297\/revisions"}],"predecessor-version":[{"id":1303,"href":"https:\/\/santaclaus-cup.cz\/index.php\/wp-json\/wp\/v2\/pages\/297\/revisions\/1303"}],"wp:attachment":[{"href":"https:\/\/santaclaus-cup.cz\/index.php\/wp-json\/wp\/v2\/media?parent=297"}],"curies":[{"name":"wp","href":"https:\/\/api.w.org\/{rel}","templated":true}]}}