{"id":259,"date":"2021-08-01T13:28:42","date_gmt":"2021-08-01T11:28:42","guid":{"rendered":"http:\/\/santaclaus-cup.cz\/?page_id=259"},"modified":"2024-09-24T18:23:22","modified_gmt":"2024-09-24T16:23:22","slug":"organization","status":"publish","type":"page","link":"https:\/\/santaclaus-cup.cz\/index.php\/organization\/","title":{"rendered":"Organization"},"content":{"rendered":"\n<p>Main organizator is <a href=\"https:\/\/skatingclubbrno.cz\"><strong>Skating Club Brno<\/strong><\/a>. <\/p>\n\n\n\n<div class=\"wp-block-group\"><div class=\"wp-block-group__inner-container\">\n<div class=\"wp-block-group\"><div class=\"wp-block-group__inner-container\">\n<ul><li><strong>Chair of the Committee<\/strong> &#8211; Marek Sedlmajer<\/li><li><strong>Secretary <\/strong>&#8211; Irena Holoubkov\u00e1<\/li><li><strong>Welcome desk<\/strong> &#8211; Luisa Brazdilov\u00e1<\/li><li><strong>Accreditations<\/strong> &#8211; Jind\u0159i\u0161ka Kafkov\u00e1<\/li><li><strong>Team services<\/strong> &#8211; Lucie V\u00edtkov\u00e1, Krist\u00fdna Kare\u0161ov\u00e1<\/li><li><strong>Meal services<\/strong>  &#8211; Lenka Lo\u0161\u0165\u00e1kov\u00e1<\/li><li><strong>Publice relationship<\/strong> + Media &#8211;  Dita N\u011bmcov\u00e1<\/li><\/ul>\n\n\n\n<p><\/p>\n<\/div><\/div>\n\n\n\n<p><\/p>\n<\/div><\/div>\n\n\n\n<p><\/p>\n\n\n\n<p><\/p>\n\n\n\n<p>The competition is held on behalf of the CFS and is organized with the financial support of the Statutory City of Brno<\/p>\n\n\n\n<p>Z\u00e1vod se kon\u00e1 z pov\u011b\u0159en\u00ed \u010cKS a je organizov\u00e1n za finan\u010dn\u00ed podory Statut\u00e1rn\u00edho m\u011bsta Brna <\/p>\n\n\n\n<p><\/p>\n\n\n\n<p><\/p>\n","protected":false},"excerpt":{"rendered":"<p>Main organizator is Skating Club Brno. The competition is held on behalf of the CFS and is organized with the financial support of the Statutory City of Brno Z\u00e1vod se kon\u00e1 z pov\u011b\u0159en\u00ed \u010cKS a je organizov\u00e1n za finan\u010dn\u00ed podory Statut\u00e1rn\u00edho m\u011bsta Brna<\/p>\n","protected":false},"author":1,"featured_media":0,"parent":0,"menu_order":0,"comment_status":"closed","ping_status":"closed","template":"","meta":[],"_links":{"self":[{"href":"https:\/\/santaclaus-cup.cz\/index.php\/wp-json\/wp\/v2\/pages\/259"}],"collection":[{"href":"https:\/\/santaclaus-cup.cz\/index.php\/wp-json\/wp\/v2\/pages"}],"about":[{"href":"https:\/\/santaclaus-cup.cz\/index.php\/wp-json\/wp\/v2\/types\/page"}],"author":[{"embeddable":true,"href":"https:\/\/santaclaus-cup.cz\/index.php\/wp-json\/wp\/v2\/users\/1"}],"replies":[{"embeddable":true,"href":"https:\/\/santaclaus-cup.cz\/index.php\/wp-json\/wp\/v2\/comments?post=259"}],"version-history":[{"count":16,"href":"https:\/\/santaclaus-cup.cz\/index.php\/wp-json\/wp\/v2\/pages\/259\/revisions"}],"predecessor-version":[{"id":1196,"href":"https:\/\/santaclaus-cup.cz\/index.php\/wp-json\/wp\/v2\/pages\/259\/revisions\/1196"}],"wp:attachment":[{"href":"https:\/\/santaclaus-cup.cz\/index.php\/wp-json\/wp\/v2\/media?parent=259"}],"curies":[{"name":"wp","href":"https:\/\/api.w.org\/{rel}","templated":true}]}}