{"id":257,"date":"2021-08-01T13:28:08","date_gmt":"2021-08-01T11:28:08","guid":{"rendered":"http:\/\/santaclaus-cup.cz\/?page_id=257"},"modified":"2024-08-09T17:27:28","modified_gmt":"2024-08-09T15:27:28","slug":"information","status":"publish","type":"page","link":"https:\/\/santaclaus-cup.cz\/index.php\/information\/","title":{"rendered":"Information"},"content":{"rendered":"\n<p>Ve\u0161ker\u00e9 informace zde budou zve\u0159ejn\u011bny v nejbli\u017e\u0161\u00ed dob\u011b. Zat\u00edm n\u00e1s pros\u00edm kontaktujte emailem na <a href=\"mailto:skatingbrno@seznam.cz\">skatingbrno@seznam.cz<\/a><\/p>\n\n\n\n<p>All information will be published here in the near future. In the meantime, please contact us by email at <a href=\"mailto:skatingbrno@seznam.cz\">skatingbrno@seznam.cz<\/a><\/p>\n","protected":false},"excerpt":{"rendered":"<p>Ve\u0161ker\u00e9 informace zde budou zve\u0159ejn\u011bny v nejbli\u017e\u0161\u00ed dob\u011b. Zat\u00edm n\u00e1s pros\u00edm kontaktujte emailem na skatingbrno@seznam.cz All information will be published here in the near future. In the meantime, please contact us by email at skatingbrno@seznam.cz<\/p>\n","protected":false},"author":1,"featured_media":0,"parent":0,"menu_order":0,"comment_status":"closed","ping_status":"closed","template":"","meta":[],"_links":{"self":[{"href":"https:\/\/santaclaus-cup.cz\/index.php\/wp-json\/wp\/v2\/pages\/257"}],"collection":[{"href":"https:\/\/santaclaus-cup.cz\/index.php\/wp-json\/wp\/v2\/pages"}],"about":[{"href":"https:\/\/santaclaus-cup.cz\/index.php\/wp-json\/wp\/v2\/types\/page"}],"author":[{"embeddable":true,"href":"https:\/\/santaclaus-cup.cz\/index.php\/wp-json\/wp\/v2\/users\/1"}],"replies":[{"embeddable":true,"href":"https:\/\/santaclaus-cup.cz\/index.php\/wp-json\/wp\/v2\/comments?post=257"}],"version-history":[{"count":7,"href":"https:\/\/santaclaus-cup.cz\/index.php\/wp-json\/wp\/v2\/pages\/257\/revisions"}],"predecessor-version":[{"id":1149,"href":"https:\/\/santaclaus-cup.cz\/index.php\/wp-json\/wp\/v2\/pages\/257\/revisions\/1149"}],"wp:attachment":[{"href":"https:\/\/santaclaus-cup.cz\/index.php\/wp-json\/wp\/v2\/media?parent=257"}],"curies":[{"name":"wp","href":"https:\/\/api.w.org\/{rel}","templated":true}]}}