{"id":134,"date":"2020-10-02T20:03:10","date_gmt":"2020-10-02T18:03:10","guid":{"rendered":"http:\/\/santaclaus-cup.cz\/?page_id=134"},"modified":"2024-11-07T16:03:52","modified_gmt":"2024-11-07T15:03:52","slug":"partners","status":"publish","type":"page","link":"https:\/\/santaclaus-cup.cz\/index.php\/partners\/","title":{"rendered":"Partners"},"content":{"rendered":"\n<div class=\"wp-block-columns\">\n<div class=\"wp-block-column\">\n<figure class=\"wp-block-image size-large\"><img loading=\"lazy\" width=\"221\" height=\"130\" src=\"http:\/\/santaclaus-cup.cz\/wp-content\/uploads\/2021\/08\/logo.png\" alt=\"\" class=\"wp-image-274\"\/><\/figure>\n<\/div>\n\n\n\n<div class=\"wp-block-column\">\n<figure class=\"wp-block-image size-large\"><img loading=\"lazy\" width=\"1024\" height=\"238\" src=\"http:\/\/santaclaus-cup.cz\/wp-content\/uploads\/2021\/08\/1280px-Logo_Brno.svg_-1024x238.png\" alt=\"\" class=\"wp-image-275\" srcset=\"https:\/\/santaclaus-cup.cz\/wp-content\/uploads\/2021\/08\/1280px-Logo_Brno.svg_-1024x238.png 1024w, https:\/\/santaclaus-cup.cz\/wp-content\/uploads\/2021\/08\/1280px-Logo_Brno.svg_-300x70.png 300w, https:\/\/santaclaus-cup.cz\/wp-content\/uploads\/2021\/08\/1280px-Logo_Brno.svg_-768x179.png 768w, https:\/\/santaclaus-cup.cz\/wp-content\/uploads\/2021\/08\/1280px-Logo_Brno.svg_.png 1280w\" sizes=\"(max-width: 1024px) 100vw, 1024px\" \/><\/figure>\n\n\n\n<p><\/p>\n<\/div>\n<\/div>\n\n\n\n<div class=\"wp-block-columns\">\n<div class=\"wp-block-column\"><\/div>\n\n\n\n<div class=\"wp-block-column\"><\/div>\n<\/div>\n\n\n\n<p>The competition is held on behalf of the CFS and is organized with the financial support of the Statutory City of Brno<\/p>\n\n\n\n<p>Z\u00e1vod se kon\u00e1 z pov\u011b\u0159en\u00ed \u010cKS a je organizov\u00e1n za finan\u010dn\u00ed podory Statut\u00e1rn\u00edho m\u011bsta Brna<\/p>\n","protected":false},"excerpt":{"rendered":"<p>The competition is held on behalf of the CFS and is organized with the financial support of the Statutory City of Brno Z\u00e1vod se kon\u00e1 z pov\u011b\u0159en\u00ed \u010cKS a je organizov\u00e1n za finan\u010dn\u00ed podory Statut\u00e1rn\u00edho m\u011bsta Brna<\/p>\n","protected":false},"author":1,"featured_media":0,"parent":0,"menu_order":0,"comment_status":"closed","ping_status":"closed","template":"","meta":[],"_links":{"self":[{"href":"https:\/\/santaclaus-cup.cz\/index.php\/wp-json\/wp\/v2\/pages\/134"}],"collection":[{"href":"https:\/\/santaclaus-cup.cz\/index.php\/wp-json\/wp\/v2\/pages"}],"about":[{"href":"https:\/\/santaclaus-cup.cz\/index.php\/wp-json\/wp\/v2\/types\/page"}],"author":[{"embeddable":true,"href":"https:\/\/santaclaus-cup.cz\/index.php\/wp-json\/wp\/v2\/users\/1"}],"replies":[{"embeddable":true,"href":"https:\/\/santaclaus-cup.cz\/index.php\/wp-json\/wp\/v2\/comments?post=134"}],"version-history":[{"count":15,"href":"https:\/\/santaclaus-cup.cz\/index.php\/wp-json\/wp\/v2\/pages\/134\/revisions"}],"predecessor-version":[{"id":1252,"href":"https:\/\/santaclaus-cup.cz\/index.php\/wp-json\/wp\/v2\/pages\/134\/revisions\/1252"}],"wp:attachment":[{"href":"https:\/\/santaclaus-cup.cz\/index.php\/wp-json\/wp\/v2\/media?parent=134"}],"curies":[{"name":"wp","href":"https:\/\/api.w.org\/{rel}","templated":true}]}}